{"id":57,"date":"2022-04-13T00:17:00","date_gmt":"2022-04-12T23:17:00","guid":{"rendered":"https:\/\/securityeye.wordifysites.com\/?page_id=57"},"modified":"2024-06-28T13:13:05","modified_gmt":"2024-06-28T11:13:05","slug":"kontakt","status":"publish","type":"page","link":"https:\/\/fixtaxi.at\/en\/kontakt\/","title":{"rendered":"Contact"},"content":{"rendered":"<div class=\"gb-container gb-container-dbc87316\">\n<div class=\"gb-container gb-container-17ef13f3\">\n<div class=\"gb-container gb-container-e8424fcd\">\n<div class=\"gb-container gb-container-9697958a\">\n<div class=\"gb-container gb-container-e62107e9\"><\/div>\n\n<div class=\"gb-container gb-container-cf0b18e7\">\n\n<p><\/p>\n\n\n\n<p><strong>Contact us at FixTaxi.at<\/strong><\/p>\n\n\n\n<p>We at FixTaxi.at are always ready to help you! Whether you want to book a ride, have questions about our services or want to share feedback, we are here to listen and support.<\/p>\n\n\n\n<p><strong>Contact options:<\/strong><\/p>\n\n\n\n<ul class=\"wp-block-list\">\n<li><strong>Phone<\/strong>: Call us at <a href=\"tel: 436649248829\"><a href=\"tel: 4367762989330\">+4367762989330<\/a><\/a> for immediate support. Our team is available 24\/7 to answer your inquiries.<\/li>\n\n\n\n<li><strong>E-Mail<\/strong>: Senden Sie Ihre Fragen, Kommentare oder Anliegen an&nbsp;<a>info@fixtaxi.at<\/a>. We aim to respond within 3 hours.<\/li>\n\n\n\n<li><strong>Online contact form<\/strong>: Fill out our contact form on the website and we will get back to you as soon as possible.<\/li>\n\n\n\n<li><strong>Social Media<\/strong>: Follow us on Facebook, Twitter and Instagram for latest updates and offers.<\/li>\n<\/ul>\n\n\n\n<p><strong>Office address:<\/strong>&nbsp;FixTaxi.at 1010 Wien, \u00d6sterreich<\/p>\n\n\n\n<p><strong>Office opening hours:<\/strong>&nbsp;Monday to Friday: 7:00 a.m. \u2013 10:00 p.m<\/p>\n\n\n\n<p><strong>For emergency:<\/strong>&nbsp;If you require assistance outside of office hours, please contact our 24\/7 telephone service.<\/p>\n\n\n\n<p>We look forward to hearing from you and are committed to providing you with the best possible service.<\/p>\n\n\n\n<p><\/p>\n\n<\/div>\n\n<div class=\"gb-container gb-container-e803c71b\"><\/div>\n<\/div>\n<\/div>\n<\/div>\n<\/div>\n\n<section class=\"gb-container gb-container-2e256e45\">\n<div class=\"gb-container gb-container-b3ecb20a\">\n<div class=\"gb-container gb-container-48094130\">\n\n<h2 class=\"gb-headline gb-headline-ea8cf8cb gb-headline-text\">Vienna<\/h2>\n\n\n\n<p class=\"gb-headline gb-headline-6c41ba55\"><span class=\"gb-icon\"><svg viewbox=\"0 0 349.661 349.661\" xmlns=\"http:\/\/www.w3.org\/2000\/svg\"><path d=\"M174.831 0C102.056 0 42.849 59.207 42.849 131.981c0 30.083 21.156 74.658 62.881 132.485 30.46 42.215 61.363 76.607 61.671 76.95l7.429 8.245 7.429-8.245c.309-.342 31.211-34.734 61.671-76.95 41.725-57.828 62.881-102.402 62.881-132.485C306.812 59.207 247.605 0 174.831 0zm-.001 319.617C137.772 276.925 62.85 180.569 62.85 131.981 62.849 70.235 113.084 20 174.831 20s111.981 50.235 111.981 111.981c0 48.559-74.924 144.934-111.982 187.636z\"><\/path><\/svg><\/span><span class=\"gb-headline-text\">1010 WIEN, Innere Stad <\/span><\/p>\n\n\n\n<p class=\"gb-headline gb-headline-41e3f0f9\"><span class=\"gb-icon\"><svg viewbox=\"0 0 569.695 569.695\" xmlns=\"http:\/\/www.w3.org\/2000\/svg\"><path d=\"M445.866 543.562V26.144C445.866 11.733 434.142 0 419.741 0H149.973c-14.42 0-26.144 11.733-26.144 26.144v517.417c0 14.41 11.733 26.134 26.144 26.134h269.768c14.401 0 26.125-11.723 26.125-26.133zm-307.702 0V26.144c0-6.502 5.288-11.8 11.8-11.8h269.768c6.502 0 11.78 5.298 11.78 11.8v517.417c0 6.502-5.288 11.79-11.78 11.79H149.973c-6.521.001-11.809-5.288-11.809-11.789z\"><\/path><path d=\"M424.37 481.386V56.706a3.587 3.587 0 0 0-3.586-3.586H148.902a3.587 3.587 0 0 0-3.586 3.586v424.68a3.587 3.587 0 0 0 3.586 3.586h271.881a3.588 3.588 0 0 0 3.587-3.586zm-16.735-3.586H162.051c-5.278 0-9.562-4.284-9.562-9.562V69.854c0-5.278 4.284-9.562 9.562-9.562h245.584c5.278 0 9.562 4.284 9.562 9.562v398.383c.001 5.279-4.283 9.563-9.562 9.563zM269.237 36.452c4.581 1.387 10.442 2.085 17.442 2.085s12.871-.698 17.441-2.085c3.061-.927 4.074-2.964 3.997-4.561-.057-1.673-1.329-3.72-4.666-4.428-3.682-.774-9.582-1.73-16.716-1.874l-1.415-.01c-6.665 0-12.125.938-15.5 1.721-3.309.756-4.542 2.831-4.59 4.533-.057 1.626.966 3.701 4.007 4.619zm17.413-6.072a86.95 86.95 0 0 1 7.756.498c4.273.468 4.312 2.123.038 2.543-2.372.229-4.964.344-7.765.344-2.879 0-5.537-.124-7.966-.363-4.38-.44-4.647-2.199-.66-2.639a66.481 66.481 0 0 1 7.258-.392l1.339.009zM402.873 40.363c4.581 0 8.31-3.729 8.31-8.31 0-4.571-3.738-8.3-8.31-8.3-4.58 0-8.31 3.729-8.31 8.3 0 4.591 3.739 8.31 8.31 8.31zm0-11.828a3.53 3.53 0 0 1 3.528 3.519c0 1.951-1.587 3.528-3.528 3.528s-3.528-1.587-3.528-3.528a3.528 3.528 0 0 1 3.528-3.519zM185.049 500.349l-8.052 5.46-3.002 2.046a2.377 2.377 0 0 0-.631 3.318 2.405 2.405 0 0 0 1.979 1.052c.134 0 .258-.038.382-.086.201-.076.363 2.285.363 5.298v5.441a2.399 2.399 0 0 0 2.391 2.391h15.463a2.398 2.398 0 0 0 2.391-2.391v-5.47c0-3.022.669-5.184 1.482-5.374a2.012 2.012 0 0 0 1.214-.823 2.386 2.386 0 0 0-.583-3.337l-10.672-7.497c-.803-.583-1.884-.583-2.725-.028zm1.157 20.147c-2.955 0-5.345-2.581-5.345-5.766s1.233-6.599 2.754-7.631c1.521-1.033 3.911-1.052 5.345-.048 1.425 1.004 2.582 4.418 2.582 7.631s-2.391 5.814-5.336 5.814zM257.437 505.33h-17.968a2.386 2.386 0 0 0-2.391 2.391 2.386 2.386 0 0 0 2.391 2.391h17.968c1.33 0 2.391-1.07 2.391-2.391a2.387 2.387 0 0 0-2.391-2.391zM257.437 512.856h-17.968a2.385 2.385 0 0 0-2.391 2.391 2.387 2.387 0 0 0 2.391 2.391h17.968a2.385 2.385 0 0 0 2.391-2.391 2.38 2.38 0 0 0-2.391-2.391zM257.437 520.496h-17.968a2.386 2.386 0 0 0-2.391 2.391 2.386 2.386 0 0 0 2.391 2.391h17.968c1.33 0 2.391-1.07 2.391-2.391a2.387 2.387 0 0 0-2.391-2.391zM311.933 510.351c-1.262.01-2.275-.784-2.275-1.769 0-.985-2.314-.45-5.164 1.195-2.85 1.645-2.85 4.312 0 5.957s5.164 2.181 5.164 1.186c0-.984 1.014-1.798 2.257-1.798l2.257-.009c2.036-.02 3.365.525 4.293 1.615 1.884 2.229 1.684 6.465 1.435 7.918-.114.65.048 1.281.401 1.779.593.841 2.448 1.08 3.309.535.536-.345.88-.87.995-1.502.134-.755 1.176-7.478-2.486-11.81-1.291-1.521-3.701-3.317-7.898-3.317l-2.288.02zM366.698 510.829c0 5.135 4.169 9.304 9.305 9.304.325 0 .631-.057.928-.134.497-.134 1.559 1.177 2.371 2.917l1.463 3.146a2.387 2.387 0 0 0 2.171 1.387 2.384 2.384 0 0 0 2.171-3.395s-.66-1.425-1.473-3.175c-.813-1.75-.067-4.322.851-6.272a8.886 8.886 0 0 0 .852-3.777c0-5.136-4.188-9.314-9.323-9.314-5.156.008-9.316 4.187-9.316 9.313zm9.304 4.523a4.519 4.519 0 0 1-4.523-4.522 4.528 4.528 0 0 1 4.523-4.533 4.538 4.538 0 0 1 4.542 4.533 4.548 4.548 0 0 1-4.542 4.522z\"><\/path><\/svg><\/span><span class=\"gb-headline-text\"><a href=\"tel: 436674448685\">+436674448685<\/a><\/span><\/p>\n\n\n\n<p class=\"gb-headline gb-headline-8938a497\"><span class=\"gb-icon\"><svg viewbox=\"0 0 64 64\" xmlns=\"http:\/\/www.w3.org\/2000\/svg\"><path d=\"M58.003 8H5.997a6 6 0 0 0-6 6v36a6 6 0 0 0 6 6h52.006a6 6 0 0 0 6-6V14a6 6 0 0 0-6-6zm4 41.11L43.085 30.193l18.918-12.056v30.975zM5.997 10h52.006c2.206 0 4 1.794 4 4v1.766L34.468 33.313c-1.49.95-3.394.92-4.85-.07L1.997 14.47V14c0-2.206 1.794-4 4-4zm-4 6.885 19.185 13.04L1.997 49.111V16.885zM58.003 54H5.997a4.005 4.005 0 0 1-3.677-2.428l20.52-20.52 5.655 3.844a6.41 6.41 0 0 0 7.046.104l5.842-3.724L61.68 51.572A4.005 4.005 0 0 1 58.003 54z\"><\/path><\/svg><\/span><span class=\"gb-headline-text\"><a href=\"mailto:office@fixtaxi.at\">office@fixtaxi.at<\/a><\/span><\/p>\n\n<\/div>\n\n\n<figure class=\"gb-block-image gb-block-image-020d64cc\"><img loading=\"lazy\" decoding=\"async\" width=\"1092\" height=\"559\" class=\"gb-image gb-image-020d64cc\" src=\"https:\/\/fixtaxi.at\/wp-content\/uploads\/2023\/12\/Screenshot-2023-12-28-113058.png\" alt=\"\" title=\"Screenshot-2023-12-28-113058\" srcset=\"https:\/\/fixtaxi.at\/wp-content\/uploads\/2023\/12\/Screenshot-2023-12-28-113058.png 1092w, https:\/\/fixtaxi.at\/wp-content\/uploads\/2023\/12\/Screenshot-2023-12-28-113058-300x154.png 300w, https:\/\/fixtaxi.at\/wp-content\/uploads\/2023\/12\/Screenshot-2023-12-28-113058-1024x524.png 1024w, https:\/\/fixtaxi.at\/wp-content\/uploads\/2023\/12\/Screenshot-2023-12-28-113058-768x393.png 768w\" sizes=\"auto, (max-width: 1092px) 100vw, 1092px\" \/><\/figure>\n\n<\/div>\n<\/section>","protected":false},"excerpt":{"rendered":"<p>Kontaktieren Sie uns bei FixTaxi.at Wir bei FixTaxi.at sind immer bereit, Ihnen zu helfen! Egal, &#8230; <a title=\"Contact\" class=\"read-more\" href=\"https:\/\/fixtaxi.at\/en\/kontakt\/\" aria-label=\"More on Kontakt\">Read more<\/a><\/p>","protected":false},"author":1,"featured_media":0,"parent":0,"menu_order":0,"comment_status":"closed","ping_status":"closed","template":"","meta":{"footnotes":""},"class_list":["post-57","page","type-page","status-publish"],"yoast_head":"<!-- This site is optimized with the Yoast SEO Premium plugin v22.5 (Yoast SEO v22.5) - https:\/\/yoast.com\/wordpress\/plugins\/seo\/ -->\n<title>Kontakt - Flughafentaxi FixTaxi<\/title>\n<meta name=\"description\" content=\"F\u00fcr Fragen oder Hilfe kontaktieren Sie FixTaxi f\u00fcr zuverl\u00e4ssige Flughafentransfers. Unser Team steht Ihnen gerne zur Verf\u00fcgung.\" \/>\n<meta name=\"robots\" content=\"index, follow, max-snippet:-1, max-image-preview:large, max-video-preview:-1\" \/>\n<link rel=\"canonical\" href=\"https:\/\/fixtaxi.at\/en\/kontakt\/\" \/>\n<meta property=\"og:locale\" content=\"en_US\" \/>\n<meta property=\"og:type\" content=\"article\" \/>\n<meta property=\"og:title\" content=\"Kontakt\" \/>\n<meta property=\"og:description\" content=\"F\u00fcr Fragen oder Hilfe kontaktieren Sie FixTaxi f\u00fcr zuverl\u00e4ssige Flughafentransfers. Unser Team steht Ihnen gerne zur Verf\u00fcgung.\" \/>\n<meta property=\"og:url\" content=\"https:\/\/fixtaxi.at\/en\/kontakt\/\" \/>\n<meta property=\"og:site_name\" content=\"Flughafentaxi FixTaxi\" \/>\n<meta property=\"article:modified_time\" content=\"2024-06-28T11:13:05+00:00\" \/>\n<meta property=\"og:image\" content=\"https:\/\/fixtaxi.at\/wp-content\/uploads\/2023\/12\/Screenshot-2023-12-28-113058.png\" \/>\n<meta name=\"twitter:card\" content=\"summary_large_image\" \/>\n<meta name=\"twitter:label1\" content=\"Est. reading time\" \/>\n\t<meta name=\"twitter:data1\" content=\"2 minutes\" \/>\n<script type=\"application\/ld+json\" class=\"yoast-schema-graph\">{\"@context\":\"https:\/\/schema.org\",\"@graph\":[{\"@type\":\"WebPage\",\"@id\":\"https:\/\/fixtaxi.at\/kontakt\/\",\"url\":\"https:\/\/fixtaxi.at\/kontakt\/\",\"name\":\"Kontakt - Flughafentaxi FixTaxi\",\"isPartOf\":{\"@id\":\"https:\/\/fixtaxi.at\/#website\"},\"primaryImageOfPage\":{\"@id\":\"https:\/\/fixtaxi.at\/kontakt\/#primaryimage\"},\"image\":{\"@id\":\"https:\/\/fixtaxi.at\/kontakt\/#primaryimage\"},\"thumbnailUrl\":\"https:\/\/fixtaxi.at\/wp-content\/uploads\/2023\/12\/Screenshot-2023-12-28-113058.png\",\"datePublished\":\"2022-04-12T23:17:00+00:00\",\"dateModified\":\"2024-06-28T11:13:05+00:00\",\"description\":\"F\u00fcr Fragen oder Hilfe kontaktieren Sie FixTaxi f\u00fcr zuverl\u00e4ssige Flughafentransfers. Unser Team steht Ihnen gerne zur Verf\u00fcgung.\",\"breadcrumb\":{\"@id\":\"https:\/\/fixtaxi.at\/kontakt\/#breadcrumb\"},\"inLanguage\":\"en-US\",\"potentialAction\":[{\"@type\":\"ReadAction\",\"target\":[\"https:\/\/fixtaxi.at\/kontakt\/\"]}]},{\"@type\":\"ImageObject\",\"inLanguage\":\"en-US\",\"@id\":\"https:\/\/fixtaxi.at\/kontakt\/#primaryimage\",\"url\":\"https:\/\/fixtaxi.at\/wp-content\/uploads\/2023\/12\/Screenshot-2023-12-28-113058.png\",\"contentUrl\":\"https:\/\/fixtaxi.at\/wp-content\/uploads\/2023\/12\/Screenshot-2023-12-28-113058.png\"},{\"@type\":\"BreadcrumbList\",\"@id\":\"https:\/\/fixtaxi.at\/kontakt\/#breadcrumb\",\"itemListElement\":[{\"@type\":\"ListItem\",\"position\":1,\"name\":\"Home\",\"item\":\"https:\/\/fixtaxi.at\/\"},{\"@type\":\"ListItem\",\"position\":2,\"name\":\"Kontakt\"}]},{\"@type\":\"WebSite\",\"@id\":\"https:\/\/fixtaxi.at\/#website\",\"url\":\"https:\/\/fixtaxi.at\/\",\"name\":\"Flughafentaxi FixTaxi\",\"description\":\"\",\"publisher\":{\"@id\":\"https:\/\/fixtaxi.at\/#organization\"},\"potentialAction\":[{\"@type\":\"SearchAction\",\"target\":{\"@type\":\"EntryPoint\",\"urlTemplate\":\"https:\/\/fixtaxi.at\/?s={search_term_string}\"},\"query-input\":\"required name=search_term_string\"}],\"inLanguage\":\"en-US\"},{\"@type\":\"Organization\",\"@id\":\"https:\/\/fixtaxi.at\/#organization\",\"name\":\"Flughafentaxi FixTaxi\",\"url\":\"https:\/\/fixtaxi.at\/\",\"logo\":{\"@type\":\"ImageObject\",\"inLanguage\":\"en-US\",\"@id\":\"https:\/\/fixtaxi.at\/#\/schema\/logo\/image\/\",\"url\":\"https:\/\/fixtaxi.at\/wp-content\/uploads\/2023\/12\/cropped-DALL\u00b7E-2023-12-28-14.18.40-A-logo-for-FixTaxi-featuring-the-name-prominently-in-the-center-against-a-white-background.-Include-the-silhouette-of-a-car-and-an-airplane-integrat-e1703769755287.png\",\"contentUrl\":\"https:\/\/fixtaxi.at\/wp-content\/uploads\/2023\/12\/cropped-DALL\u00b7E-2023-12-28-14.18.40-A-logo-for-FixTaxi-featuring-the-name-prominently-in-the-center-against-a-white-background.-Include-the-silhouette-of-a-car-and-an-airplane-integrat-e1703769755287.png\",\"width\":1024,\"height\":716,\"caption\":\"Flughafentaxi FixTaxi\"},\"image\":{\"@id\":\"https:\/\/fixtaxi.at\/#\/schema\/logo\/image\/\"}}]}<\/script>\n<!-- \/ Yoast SEO Premium plugin. -->","yoast_head_json":{"title":"Kontakt - Flughafentaxi FixTaxi","description":"F\u00fcr Fragen oder Hilfe kontaktieren Sie FixTaxi f\u00fcr zuverl\u00e4ssige Flughafentransfers. Unser Team steht Ihnen gerne zur Verf\u00fcgung.","robots":{"index":"index","follow":"follow","max-snippet":"max-snippet:-1","max-image-preview":"max-image-preview:large","max-video-preview":"max-video-preview:-1"},"canonical":"https:\/\/fixtaxi.at\/en\/kontakt\/","og_locale":"en_US","og_type":"article","og_title":"Kontakt","og_description":"F\u00fcr Fragen oder Hilfe kontaktieren Sie FixTaxi f\u00fcr zuverl\u00e4ssige Flughafentransfers. Unser Team steht Ihnen gerne zur Verf\u00fcgung.","og_url":"https:\/\/fixtaxi.at\/en\/kontakt\/","og_site_name":"Flughafentaxi FixTaxi","article_modified_time":"2024-06-28T11:13:05+00:00","og_image":[{"url":"https:\/\/fixtaxi.at\/wp-content\/uploads\/2023\/12\/Screenshot-2023-12-28-113058.png"}],"twitter_card":"summary_large_image","twitter_misc":{"Est. reading time":"2 minutes"},"schema":{"@context":"https:\/\/schema.org","@graph":[{"@type":"WebPage","@id":"https:\/\/fixtaxi.at\/kontakt\/","url":"https:\/\/fixtaxi.at\/kontakt\/","name":"Kontakt - Flughafentaxi FixTaxi","isPartOf":{"@id":"https:\/\/fixtaxi.at\/#website"},"primaryImageOfPage":{"@id":"https:\/\/fixtaxi.at\/kontakt\/#primaryimage"},"image":{"@id":"https:\/\/fixtaxi.at\/kontakt\/#primaryimage"},"thumbnailUrl":"https:\/\/fixtaxi.at\/wp-content\/uploads\/2023\/12\/Screenshot-2023-12-28-113058.png","datePublished":"2022-04-12T23:17:00+00:00","dateModified":"2024-06-28T11:13:05+00:00","description":"F\u00fcr Fragen oder Hilfe kontaktieren Sie FixTaxi f\u00fcr zuverl\u00e4ssige Flughafentransfers. Unser Team steht Ihnen gerne zur Verf\u00fcgung.","breadcrumb":{"@id":"https:\/\/fixtaxi.at\/kontakt\/#breadcrumb"},"inLanguage":"en-US","potentialAction":[{"@type":"ReadAction","target":["https:\/\/fixtaxi.at\/kontakt\/"]}]},{"@type":"ImageObject","inLanguage":"en-US","@id":"https:\/\/fixtaxi.at\/kontakt\/#primaryimage","url":"https:\/\/fixtaxi.at\/wp-content\/uploads\/2023\/12\/Screenshot-2023-12-28-113058.png","contentUrl":"https:\/\/fixtaxi.at\/wp-content\/uploads\/2023\/12\/Screenshot-2023-12-28-113058.png"},{"@type":"BreadcrumbList","@id":"https:\/\/fixtaxi.at\/kontakt\/#breadcrumb","itemListElement":[{"@type":"ListItem","position":1,"name":"Home","item":"https:\/\/fixtaxi.at\/"},{"@type":"ListItem","position":2,"name":"Kontakt"}]},{"@type":"WebSite","@id":"https:\/\/fixtaxi.at\/#website","url":"https:\/\/fixtaxi.at\/","name":"Flughafentaxi FixTaxi","description":"","publisher":{"@id":"https:\/\/fixtaxi.at\/#organization"},"potentialAction":[{"@type":"SearchAction","target":{"@type":"EntryPoint","urlTemplate":"https:\/\/fixtaxi.at\/?s={search_term_string}"},"query-input":"required name=search_term_string"}],"inLanguage":"en-US"},{"@type":"Organization","@id":"https:\/\/fixtaxi.at\/#organization","name":"Flughafentaxi FixTaxi","url":"https:\/\/fixtaxi.at\/","logo":{"@type":"ImageObject","inLanguage":"en-US","@id":"https:\/\/fixtaxi.at\/#\/schema\/logo\/image\/","url":"https:\/\/fixtaxi.at\/wp-content\/uploads\/2023\/12\/cropped-DALL\u00b7E-2023-12-28-14.18.40-A-logo-for-FixTaxi-featuring-the-name-prominently-in-the-center-against-a-white-background.-Include-the-silhouette-of-a-car-and-an-airplane-integrat-e1703769755287.png","contentUrl":"https:\/\/fixtaxi.at\/wp-content\/uploads\/2023\/12\/cropped-DALL\u00b7E-2023-12-28-14.18.40-A-logo-for-FixTaxi-featuring-the-name-prominently-in-the-center-against-a-white-background.-Include-the-silhouette-of-a-car-and-an-airplane-integrat-e1703769755287.png","width":1024,"height":716,"caption":"Flughafentaxi FixTaxi"},"image":{"@id":"https:\/\/fixtaxi.at\/#\/schema\/logo\/image\/"}}]}},"_links":{"self":[{"href":"https:\/\/fixtaxi.at\/en\/wp-json\/wp\/v2\/pages\/57","targetHints":{"allow":["GET"]}}],"collection":[{"href":"https:\/\/fixtaxi.at\/en\/wp-json\/wp\/v2\/pages"}],"about":[{"href":"https:\/\/fixtaxi.at\/en\/wp-json\/wp\/v2\/types\/page"}],"author":[{"embeddable":true,"href":"https:\/\/fixtaxi.at\/en\/wp-json\/wp\/v2\/users\/1"}],"replies":[{"embeddable":true,"href":"https:\/\/fixtaxi.at\/en\/wp-json\/wp\/v2\/comments?post=57"}],"version-history":[{"count":14,"href":"https:\/\/fixtaxi.at\/en\/wp-json\/wp\/v2\/pages\/57\/revisions"}],"predecessor-version":[{"id":1154,"href":"https:\/\/fixtaxi.at\/en\/wp-json\/wp\/v2\/pages\/57\/revisions\/1154"}],"wp:attachment":[{"href":"https:\/\/fixtaxi.at\/en\/wp-json\/wp\/v2\/media?parent=57"}],"curies":[{"name":"wp","href":"https:\/\/api.w.org\/{rel}","templated":true}]}}